{"id":10,"date":"2018-12-26T09:58:03","date_gmt":"2018-12-26T09:58:03","guid":{"rendered":"http:\/\/ankaraasansor.com.tr\/?page_id=10"},"modified":"2018-12-29T19:57:02","modified_gmt":"2018-12-29T19:57:02","slug":"ana-sayfa","status":"publish","type":"page","link":"https:\/\/ankaraasansor.com.tr\/","title":{"rendered":"ANA SAYFA"},"content":{"rendered":"\n<figure class=\"wp-block-video aligncenter\"><video controls src=\"https:\/\/ankaraasansor.com.tr\/wp-content\/uploads\/2018\/12\/A-ASANS\u00d6R_Trim-1.mp4\"><\/video><figcaption>               \u015e\u0130RKET\u0130M\u0130Z\u0130N BATMAN HASAN KEYF K\u00dcLT\u00dcR MERKEZ\u0130 \u0130\u00c7\u0130N YAPTI\u011eI YAMA\u00c7 ASANS\u00d6R\u00dc<\/figcaption><\/figure>\n\n\n\n<ul class=\"wp-block-gallery aligncenter columns-4 is-cropped\"><li class=\"blocks-gallery-item\"><figure><a href=\"https:\/\/i0.wp.com\/ankaraasansor.com.tr\/wp-content\/uploads\/2018\/12\/WhatsApp-Image-2018-01-26-at-15.13.531-768x1024.jpeg?ssl=1\"><img loading=\"lazy\" width=\"525\" height=\"700\" src=\"https:\/\/i0.wp.com\/ankaraasansor.com.tr\/wp-content\/uploads\/2018\/12\/WhatsApp-Image-2018-01-26-at-15.13.531.jpeg?resize=525%2C700&#038;ssl=1\" alt=\"\" data-id=\"69\" data-link=\"https:\/\/ankaraasansor.com.tr\/index.php\/ana-sayfa\/whatsapp-image-2018-01-26-at-15-13-531\/\" class=\"wp-image-69\" srcset=\"https:\/\/i0.wp.com\/ankaraasansor.com.tr\/wp-content\/uploads\/2018\/12\/WhatsApp-Image-2018-01-26-at-15.13.531.jpeg?resize=768%2C1024&amp;ssl=1 768w, https:\/\/i0.wp.com\/ankaraasansor.com.tr\/wp-content\/uploads\/2018\/12\/WhatsApp-Image-2018-01-26-at-15.13.531.jpeg?resize=225%2C300&amp;ssl=1 225w, https:\/\/i0.wp.com\/ankaraasansor.com.tr\/wp-content\/uploads\/2018\/12\/WhatsApp-Image-2018-01-26-at-15.13.531.jpeg?w=1200&amp;ssl=1 1200w, https:\/\/i0.wp.com\/ankaraasansor.com.tr\/wp-content\/uploads\/2018\/12\/WhatsApp-Image-2018-01-26-at-15.13.531.jpeg?w=1050&amp;ssl=1 1050w\" sizes=\"(max-width: 706px) 89vw, (max-width: 767px) 82vw, 740px\" data-recalc-dims=\"1\" \/><\/a><\/figure><\/li><li class=\"blocks-gallery-item\"><figure><a href=\"https:\/\/i0.wp.com\/ankaraasansor.com.tr\/wp-content\/uploads\/2018\/12\/WhatsApp-Image-2018-01-26-at-15.13.532-768x1024.jpeg?ssl=1\"><img loading=\"lazy\" width=\"525\" height=\"700\" src=\"https:\/\/i0.wp.com\/ankaraasansor.com.tr\/wp-content\/uploads\/2018\/12\/WhatsApp-Image-2018-01-26-at-15.13.532.jpeg?resize=525%2C700&#038;ssl=1\" alt=\"\" data-id=\"70\" data-link=\"https:\/\/ankaraasansor.com.tr\/index.php\/ana-sayfa\/whatsapp-image-2018-01-26-at-15-13-532\/\" class=\"wp-image-70\" srcset=\"https:\/\/i0.wp.com\/ankaraasansor.com.tr\/wp-content\/uploads\/2018\/12\/WhatsApp-Image-2018-01-26-at-15.13.532.jpeg?resize=768%2C1024&amp;ssl=1 768w, https:\/\/i0.wp.com\/ankaraasansor.com.tr\/wp-content\/uploads\/2018\/12\/WhatsApp-Image-2018-01-26-at-15.13.532.jpeg?resize=225%2C300&amp;ssl=1 225w, https:\/\/i0.wp.com\/ankaraasansor.com.tr\/wp-content\/uploads\/2018\/12\/WhatsApp-Image-2018-01-26-at-15.13.532.jpeg?w=1200&amp;ssl=1 1200w, https:\/\/i0.wp.com\/ankaraasansor.com.tr\/wp-content\/uploads\/2018\/12\/WhatsApp-Image-2018-01-26-at-15.13.532.jpeg?w=1050&amp;ssl=1 1050w\" sizes=\"(max-width: 706px) 89vw, (max-width: 767px) 82vw, 740px\" data-recalc-dims=\"1\" \/><\/a><\/figure><\/li><li class=\"blocks-gallery-item\"><figure><a href=\"https:\/\/i0.wp.com\/ankaraasansor.com.tr\/wp-content\/uploads\/2018\/12\/WhatsApp-Image-2018-01-26-at-15.13.54-768x1024.jpeg?ssl=1\"><img loading=\"lazy\" width=\"525\" height=\"700\" src=\"https:\/\/i0.wp.com\/ankaraasansor.com.tr\/wp-content\/uploads\/2018\/12\/WhatsApp-Image-2018-01-26-at-15.13.54.jpeg?resize=525%2C700&#038;ssl=1\" alt=\"\" data-id=\"71\" data-link=\"https:\/\/ankaraasansor.com.tr\/index.php\/ana-sayfa\/whatsapp-image-2018-01-26-at-15-13-54\/\" class=\"wp-image-71\" srcset=\"https:\/\/i0.wp.com\/ankaraasansor.com.tr\/wp-content\/uploads\/2018\/12\/WhatsApp-Image-2018-01-26-at-15.13.54.jpeg?resize=768%2C1024&amp;ssl=1 768w, https:\/\/i0.wp.com\/ankaraasansor.com.tr\/wp-content\/uploads\/2018\/12\/WhatsApp-Image-2018-01-26-at-15.13.54.jpeg?resize=225%2C300&amp;ssl=1 225w, https:\/\/i0.wp.com\/ankaraasansor.com.tr\/wp-content\/uploads\/2018\/12\/WhatsApp-Image-2018-01-26-at-15.13.54.jpeg?w=1200&amp;ssl=1 1200w, https:\/\/i0.wp.com\/ankaraasansor.com.tr\/wp-content\/uploads\/2018\/12\/WhatsApp-Image-2018-01-26-at-15.13.54.jpeg?w=1050&amp;ssl=1 1050w\" sizes=\"(max-width: 706px) 89vw, (max-width: 767px) 82vw, 740px\" data-recalc-dims=\"1\" \/><\/a><\/figure><\/li><li class=\"blocks-gallery-item\"><figure><a href=\"https:\/\/i0.wp.com\/ankaraasansor.com.tr\/wp-content\/uploads\/2018\/12\/WhatsApp-Image-2018-01-26-at-15.13.551-768x1024.jpeg?ssl=1\"><img loading=\"lazy\" width=\"525\" height=\"700\" src=\"https:\/\/i0.wp.com\/ankaraasansor.com.tr\/wp-content\/uploads\/2018\/12\/WhatsApp-Image-2018-01-26-at-15.13.551.jpeg?resize=525%2C700&#038;ssl=1\" alt=\"\" data-id=\"72\" data-link=\"https:\/\/ankaraasansor.com.tr\/index.php\/ana-sayfa\/whatsapp-image-2018-01-26-at-15-13-551\/\" class=\"wp-image-72\" srcset=\"https:\/\/i0.wp.com\/ankaraasansor.com.tr\/wp-content\/uploads\/2018\/12\/WhatsApp-Image-2018-01-26-at-15.13.551.jpeg?resize=768%2C1024&amp;ssl=1 768w, https:\/\/i0.wp.com\/ankaraasansor.com.tr\/wp-content\/uploads\/2018\/12\/WhatsApp-Image-2018-01-26-at-15.13.551.jpeg?resize=225%2C300&amp;ssl=1 225w, https:\/\/i0.wp.com\/ankaraasansor.com.tr\/wp-content\/uploads\/2018\/12\/WhatsApp-Image-2018-01-26-at-15.13.551.jpeg?w=1200&amp;ssl=1 1200w, https:\/\/i0.wp.com\/ankaraasansor.com.tr\/wp-content\/uploads\/2018\/12\/WhatsApp-Image-2018-01-26-at-15.13.551.jpeg?w=1050&amp;ssl=1 1050w\" sizes=\"(max-width: 706px) 89vw, (max-width: 767px) 82vw, 740px\" data-recalc-dims=\"1\" \/><\/a><\/figure><\/li><li class=\"blocks-gallery-item\"><figure><a href=\"https:\/\/i0.wp.com\/ankaraasansor.com.tr\/wp-content\/uploads\/2018\/12\/WhatsApp-Image-2018-01-26-at-15.13.53-768x1024.jpeg?ssl=1\"><img loading=\"lazy\" width=\"525\" height=\"700\" src=\"https:\/\/i0.wp.com\/ankaraasansor.com.tr\/wp-content\/uploads\/2018\/12\/WhatsApp-Image-2018-01-26-at-15.13.53.jpeg?resize=525%2C700&#038;ssl=1\" alt=\"\" data-id=\"73\" data-link=\"https:\/\/ankaraasansor.com.tr\/index.php\/ana-sayfa\/whatsapp-image-2018-01-26-at-15-13-53\/\" class=\"wp-image-73\" srcset=\"https:\/\/i0.wp.com\/ankaraasansor.com.tr\/wp-content\/uploads\/2018\/12\/WhatsApp-Image-2018-01-26-at-15.13.53.jpeg?resize=768%2C1024&amp;ssl=1 768w, https:\/\/i0.wp.com\/ankaraasansor.com.tr\/wp-content\/uploads\/2018\/12\/WhatsApp-Image-2018-01-26-at-15.13.53.jpeg?resize=225%2C300&amp;ssl=1 225w, https:\/\/i0.wp.com\/ankaraasansor.com.tr\/wp-content\/uploads\/2018\/12\/WhatsApp-Image-2018-01-26-at-15.13.53.jpeg?w=1200&amp;ssl=1 1200w, https:\/\/i0.wp.com\/ankaraasansor.com.tr\/wp-content\/uploads\/2018\/12\/WhatsApp-Image-2018-01-26-at-15.13.53.jpeg?w=1050&amp;ssl=1 1050w\" sizes=\"(max-width: 706px) 89vw, (max-width: 767px) 82vw, 740px\" data-recalc-dims=\"1\" \/><\/a><\/figure><\/li><li class=\"blocks-gallery-item\"><figure><a href=\"https:\/\/i0.wp.com\/ankaraasansor.com.tr\/wp-content\/uploads\/2018\/12\/WhatsApp-Image-2018-01-26-at-15.13.55-768x1024.jpeg?ssl=1\"><img loading=\"lazy\" width=\"525\" height=\"700\" src=\"https:\/\/i0.wp.com\/ankaraasansor.com.tr\/wp-content\/uploads\/2018\/12\/WhatsApp-Image-2018-01-26-at-15.13.55.jpeg?resize=525%2C700&#038;ssl=1\" alt=\"\" data-id=\"74\" data-link=\"https:\/\/ankaraasansor.com.tr\/index.php\/ana-sayfa\/whatsapp-image-2018-01-26-at-15-13-55\/\" class=\"wp-image-74\" srcset=\"https:\/\/i0.wp.com\/ankaraasansor.com.tr\/wp-content\/uploads\/2018\/12\/WhatsApp-Image-2018-01-26-at-15.13.55.jpeg?resize=768%2C1024&amp;ssl=1 768w, https:\/\/i0.wp.com\/ankaraasansor.com.tr\/wp-content\/uploads\/2018\/12\/WhatsApp-Image-2018-01-26-at-15.13.55.jpeg?resize=225%2C300&amp;ssl=1 225w, https:\/\/i0.wp.com\/ankaraasansor.com.tr\/wp-content\/uploads\/2018\/12\/WhatsApp-Image-2018-01-26-at-15.13.55.jpeg?w=1200&amp;ssl=1 1200w, https:\/\/i0.wp.com\/ankaraasansor.com.tr\/wp-content\/uploads\/2018\/12\/WhatsApp-Image-2018-01-26-at-15.13.55.jpeg?w=1050&amp;ssl=1 1050w\" sizes=\"(max-width: 706px) 89vw, (max-width: 767px) 82vw, 740px\" data-recalc-dims=\"1\" \/><\/a><\/figure><\/li><li class=\"blocks-gallery-item\"><figure><a href=\"https:\/\/i0.wp.com\/ankaraasansor.com.tr\/wp-content\/uploads\/2018\/12\/WhatsApp-Image-2018-01-26-at-15.13.52-1-768x1024.jpeg?ssl=1\"><img loading=\"lazy\" width=\"525\" height=\"700\" src=\"https:\/\/i0.wp.com\/ankaraasansor.com.tr\/wp-content\/uploads\/2018\/12\/WhatsApp-Image-2018-01-26-at-15.13.52-1.jpeg?resize=525%2C700&#038;ssl=1\" alt=\"\" data-id=\"77\" data-link=\"https:\/\/ankaraasansor.com.tr\/index.php\/ana-sayfa\/whatsapp-image-2018-01-26-at-15-13-52-2\/\" class=\"wp-image-77\" srcset=\"https:\/\/i0.wp.com\/ankaraasansor.com.tr\/wp-content\/uploads\/2018\/12\/WhatsApp-Image-2018-01-26-at-15.13.52-1.jpeg?resize=768%2C1024&amp;ssl=1 768w, https:\/\/i0.wp.com\/ankaraasansor.com.tr\/wp-content\/uploads\/2018\/12\/WhatsApp-Image-2018-01-26-at-15.13.52-1.jpeg?resize=225%2C300&amp;ssl=1 225w, https:\/\/i0.wp.com\/ankaraasansor.com.tr\/wp-content\/uploads\/2018\/12\/WhatsApp-Image-2018-01-26-at-15.13.52-1.jpeg?w=1200&amp;ssl=1 1200w, https:\/\/i0.wp.com\/ankaraasansor.com.tr\/wp-content\/uploads\/2018\/12\/WhatsApp-Image-2018-01-26-at-15.13.52-1.jpeg?w=1050&amp;ssl=1 1050w\" sizes=\"(max-width: 706px) 89vw, (max-width: 767px) 82vw, 740px\" data-recalc-dims=\"1\" \/><\/a><\/figure><\/li><\/ul>\n","protected":false},"excerpt":{"rendered":"","protected":false},"author":1,"featured_media":0,"parent":0,"menu_order":0,"comment_status":"closed","ping_status":"closed","template":"","meta":{"spay_email":""},"yoast_head":"<!-- This site is optimized with the Yoast SEO plugin v17.9 - https:\/\/yoast.com\/wordpress\/plugins\/seo\/ -->\n<title>ANA SAYFA - ANKARA ASANS\u00d6R<\/title>\n<meta name=\"robots\" content=\"index, follow, max-snippet:-1, max-image-preview:large, max-video-preview:-1\" \/>\n<link rel=\"canonical\" href=\"https:\/\/ankaraasansor.com.tr\/\" \/>\n<meta property=\"og:locale\" content=\"tr_TR\" \/>\n<meta property=\"og:type\" content=\"article\" \/>\n<meta property=\"og:title\" content=\"ANA SAYFA - ANKARA ASANS\u00d6R\" \/>\n<meta property=\"og:url\" content=\"https:\/\/ankaraasansor.com.tr\/\" \/>\n<meta property=\"og:site_name\" content=\"ANKARA ASANS\u00d6R\" \/>\n<meta property=\"article:modified_time\" content=\"2018-12-29T19:57:02+00:00\" \/>\n<meta property=\"og:image\" content=\"http:\/\/ankaraasansor.com.tr\/wp-content\/uploads\/2018\/12\/WhatsApp-Image-2018-01-26-at-15.13.531-768x1024.jpeg\" \/>\n<meta name=\"twitter:card\" content=\"summary_large_image\" \/>\n<script type=\"application\/ld+json\" class=\"yoast-schema-graph\">{\"@context\":\"https:\/\/schema.org\",\"@graph\":[{\"@type\":\"WebSite\",\"@id\":\"https:\/\/ankaraasansor.com.tr\/#website\",\"url\":\"https:\/\/ankaraasansor.com.tr\/\",\"name\":\"ANKARA ASANS\\u00d6R\",\"description\":\"SAN. ve T\\u0130C. LTD. \\u015eT\\u0130.\",\"potentialAction\":[{\"@type\":\"SearchAction\",\"target\":{\"@type\":\"EntryPoint\",\"urlTemplate\":\"https:\/\/ankaraasansor.com.tr\/?s={search_term_string}\"},\"query-input\":\"required name=search_term_string\"}],\"inLanguage\":\"tr\"},{\"@type\":\"ImageObject\",\"@id\":\"https:\/\/ankaraasansor.com.tr\/#primaryimage\",\"inLanguage\":\"tr\",\"url\":\"http:\/\/ankaraasansor.com.tr\/wp-content\/uploads\/2018\/12\/WhatsApp-Image-2018-01-26-at-15.13.531-768x1024.jpeg\",\"contentUrl\":\"http:\/\/ankaraasansor.com.tr\/wp-content\/uploads\/2018\/12\/WhatsApp-Image-2018-01-26-at-15.13.531-768x1024.jpeg\"},{\"@type\":\"WebPage\",\"@id\":\"https:\/\/ankaraasansor.com.tr\/#webpage\",\"url\":\"https:\/\/ankaraasansor.com.tr\/\",\"name\":\"ANA SAYFA - ANKARA ASANS\\u00d6R\",\"isPartOf\":{\"@id\":\"https:\/\/ankaraasansor.com.tr\/#website\"},\"primaryImageOfPage\":{\"@id\":\"https:\/\/ankaraasansor.com.tr\/#primaryimage\"},\"datePublished\":\"2018-12-26T09:58:03+00:00\",\"dateModified\":\"2018-12-29T19:57:02+00:00\",\"breadcrumb\":{\"@id\":\"https:\/\/ankaraasansor.com.tr\/#breadcrumb\"},\"inLanguage\":\"tr\",\"potentialAction\":[{\"@type\":\"ReadAction\",\"target\":[\"https:\/\/ankaraasansor.com.tr\/\"]}]},{\"@type\":\"BreadcrumbList\",\"@id\":\"https:\/\/ankaraasansor.com.tr\/#breadcrumb\",\"itemListElement\":[{\"@type\":\"ListItem\",\"position\":1,\"name\":\"Anasayfa\",\"item\":\"https:\/\/ankaraasansor.com.tr\/\"},{\"@type\":\"ListItem\",\"position\":2,\"name\":\"ANA SAYFA\"}]}]}<\/script>\n<!-- \/ Yoast SEO plugin. -->","yoast_head_json":{"title":"ANA SAYFA - ANKARA ASANS\u00d6R","robots":{"index":"index","follow":"follow","max-snippet":"max-snippet:-1","max-image-preview":"max-image-preview:large","max-video-preview":"max-video-preview:-1"},"canonical":"https:\/\/ankaraasansor.com.tr\/","og_locale":"tr_TR","og_type":"article","og_title":"ANA SAYFA - ANKARA ASANS\u00d6R","og_url":"https:\/\/ankaraasansor.com.tr\/","og_site_name":"ANKARA ASANS\u00d6R","article_modified_time":"2018-12-29T19:57:02+00:00","og_image":[{"url":"http:\/\/ankaraasansor.com.tr\/wp-content\/uploads\/2018\/12\/WhatsApp-Image-2018-01-26-at-15.13.531-768x1024.jpeg"}],"twitter_card":"summary_large_image","schema":{"@context":"https:\/\/schema.org","@graph":[{"@type":"WebSite","@id":"https:\/\/ankaraasansor.com.tr\/#website","url":"https:\/\/ankaraasansor.com.tr\/","name":"ANKARA ASANS\u00d6R","description":"SAN. ve T\u0130C. LTD. \u015eT\u0130.","potentialAction":[{"@type":"SearchAction","target":{"@type":"EntryPoint","urlTemplate":"https:\/\/ankaraasansor.com.tr\/?s={search_term_string}"},"query-input":"required name=search_term_string"}],"inLanguage":"tr"},{"@type":"ImageObject","@id":"https:\/\/ankaraasansor.com.tr\/#primaryimage","inLanguage":"tr","url":"http:\/\/ankaraasansor.com.tr\/wp-content\/uploads\/2018\/12\/WhatsApp-Image-2018-01-26-at-15.13.531-768x1024.jpeg","contentUrl":"http:\/\/ankaraasansor.com.tr\/wp-content\/uploads\/2018\/12\/WhatsApp-Image-2018-01-26-at-15.13.531-768x1024.jpeg"},{"@type":"WebPage","@id":"https:\/\/ankaraasansor.com.tr\/#webpage","url":"https:\/\/ankaraasansor.com.tr\/","name":"ANA SAYFA - ANKARA ASANS\u00d6R","isPartOf":{"@id":"https:\/\/ankaraasansor.com.tr\/#website"},"primaryImageOfPage":{"@id":"https:\/\/ankaraasansor.com.tr\/#primaryimage"},"datePublished":"2018-12-26T09:58:03+00:00","dateModified":"2018-12-29T19:57:02+00:00","breadcrumb":{"@id":"https:\/\/ankaraasansor.com.tr\/#breadcrumb"},"inLanguage":"tr","potentialAction":[{"@type":"ReadAction","target":["https:\/\/ankaraasansor.com.tr\/"]}]},{"@type":"BreadcrumbList","@id":"https:\/\/ankaraasansor.com.tr\/#breadcrumb","itemListElement":[{"@type":"ListItem","position":1,"name":"Anasayfa","item":"https:\/\/ankaraasansor.com.tr\/"},{"@type":"ListItem","position":2,"name":"ANA SAYFA"}]}]}},"jetpack-related-posts":[{"id":46,"url":"https:\/\/ankaraasansor.com.tr\/index.php\/asansor\/","url_meta":{"origin":10,"position":0},"title":"ASANS\u00d6R","date":"29\/12\/2018","format":false,"excerpt":"Asans\u00f6rden ilk bahseden Romal\u0131 mimar Vitruvius\u2019tur. Vitruvius ilk asans\u00f6r\u00fc Ar\u015fimed\u2019in kurdu\u011funu s\u00f6yler (\u0130.\u00d6. 236). Sonraki d\u00f6nemlerde baz\u0131 kaynaklara g\u00f6re asans\u00f6rler kenevir halatlar \u00fczerindeki faytonlard\u0131r ve insan ya da hayvanlar taraf\u0131ndan s\u00fcr\u00fcl\u00fcrler. Bu t\u00fcr asans\u00f6rlerin M\u0131s\u0131r\u2019daki Sina manast\u0131r\u0131na kuruldu\u011fu d\u00fc\u015f\u00fcn\u00fclmektedir. 17. y\u00fczy\u0131lda asans\u00f6rlerin prototipleri \u0130ngiltere ve Fransa\u2019daki saraylarda kurulmu\u015ftur. 1793 y\u0131l\u0131nda\u2026","rel":"","context":"Benzer yaz\u0131","img":{"alt_text":"","src":"https:\/\/i0.wp.com\/ankaraasansor.com.tr\/wp-content\/uploads\/2018\/12\/indir-1.jpg?resize=350%2C200&ssl=1","width":350,"height":200},"classes":[]},{"id":85,"url":"https:\/\/ankaraasansor.com.tr\/index.php\/bakim-ve-servis\/","url_meta":{"origin":10,"position":1},"title":"BAKIM VE SERV\u0130S","date":"29\/12\/2018","format":false,"excerpt":"M\u00fc\u015fterimizin sipari\u015fi ile birlikte y\u0131llarca s\u00fcrecek bir mesai ba\u015flam\u0131\u015f olur. Kaliteli bir \u00fcr\u00fcn\u00fc size sunmak asla yeterli de\u011fildir. Asans\u00f6r\u00fcn hizmette bulundu\u011fu s\u00fcrece bak\u0131m ve onar\u0131m i\u00e7in teknik servis hizmetlerimiz, s\u00fcrekli hizmete haz\u0131rd\u0131r. Bak\u0131m sorumlulu\u011fumuz alt\u0131nda bulunan t\u00fcm asans\u00f6rler her ay planl\u0131 bir bak\u0131m hizmeti ile g\u00fcvenle kullanabilmeniz i\u00e7in kontrol alt\u0131ndad\u0131r.\u2026","rel":"","context":"Benzer yaz\u0131","img":{"alt_text":"","src":"https:\/\/i0.wp.com\/ankaraasansor.com.tr\/wp-content\/uploads\/2018\/12\/image.png?resize=350%2C200&ssl=1","width":350,"height":200},"classes":[]},{"id":55,"url":"https:\/\/ankaraasansor.com.tr\/index.php\/asansor-kullanimi\/","url_meta":{"origin":10,"position":2},"title":"ASANS\u00d6R KULLANIMI","date":"29\/12\/2018","format":false,"excerpt":"Asans\u00f6r kullan\u0131rken a\u015fa\u011f\u0131daki kurallara l\u00fctfen uyunuz. Asans\u00f6r\u00fc kullanacak ki\u015filer, \u00f6ncelikle gitmek istedi\u011fi kata ait a\u015fa\u011f\u0131 ya da yukar\u0131 \u00e7a\u011f\u0131rma butonuna bas\u0131n\u0131z.\u00a0E\u011fer asans\u00f6r kap\u0131lar\u0131 manuel a\u00e7\u0131l\u0131p kapan\u0131yorsa, kap\u0131 arkas\u0131na yak\u0131n durmay\u0131n\u0131z.\u00a0Asans\u00f6r kap\u0131lar\u0131 otomatik ise, tamamen a\u00e7\u0131lmas\u0131n\u0131 bekleyiniz. Kapanmaya \u00e7al\u0131\u015fan otomatik kap\u0131lar\u0131 a\u00e7mak i\u00e7in u\u011fra\u015fmay\u0131n\u0131z. Asans\u00f6r\u00fcn tekrar bulundu\u011funuz kata gelmesini bekleyiniz.\u00a0Asans\u00f6r kabini\u2026","rel":"","context":"Benzer yaz\u0131","img":{"alt_text":"","src":"https:\/\/i0.wp.com\/ankaraasansor.com.tr\/wp-content\/uploads\/2018\/12\/asansor-uyari-levhalari.jpg?resize=350%2C200&ssl=1","width":350,"height":200},"classes":[]},{"id":47,"url":"https:\/\/ankaraasansor.com.tr\/index.php\/asansorde-kalirsak\/","url_meta":{"origin":10,"position":3},"title":"ASANS\u00d6RDE KALIRSANIZ","date":"29\/12\/2018","format":false,"excerpt":"Asans\u00f6rde kalman\u0131z durumunda kendi \u00e7aban\u0131zla \u00e7\u0131kmaya \u00e7al\u0131\u015fmamal\u0131s\u0131n\u0131z.Asans\u00f6rde kald\u0131\u011f\u0131n\u0131zda kesinlikle panik yapmaman\u0131z gerekir. Aksi durumda enerjinizi ve ortamdaki oksijeni h\u0131zla t\u00fcketirsiniz. Bundan dolay\u0131 \u00f6ncelikle sakin olmal\u0131 ve asans\u00f6rde bulunan alarm, \u00e7a\u011fr\u0131 butonu ile yard\u0131m istemeyi denemelisiniz.Cep telefonunuz \u00e7ekiyor ise yak\u0131nlar\u0131n\u0131z\u0131 haberdar ederek asans\u00f6r servisinin size ula\u015fmas\u0131n\u0131 sa\u011flayabilirsiniz.","rel":"","context":"Benzer yaz\u0131","img":{"alt_text":"","src":"","width":0,"height":0},"classes":[]}],"_links":{"self":[{"href":"https:\/\/ankaraasansor.com.tr\/index.php\/wp-json\/wp\/v2\/pages\/10"}],"collection":[{"href":"https:\/\/ankaraasansor.com.tr\/index.php\/wp-json\/wp\/v2\/pages"}],"about":[{"href":"https:\/\/ankaraasansor.com.tr\/index.php\/wp-json\/wp\/v2\/types\/page"}],"author":[{"embeddable":true,"href":"https:\/\/ankaraasansor.com.tr\/index.php\/wp-json\/wp\/v2\/users\/1"}],"replies":[{"embeddable":true,"href":"https:\/\/ankaraasansor.com.tr\/index.php\/wp-json\/wp\/v2\/comments?post=10"}],"version-history":[{"count":8,"href":"https:\/\/ankaraasansor.com.tr\/index.php\/wp-json\/wp\/v2\/pages\/10\/revisions"}],"predecessor-version":[{"id":164,"href":"https:\/\/ankaraasansor.com.tr\/index.php\/wp-json\/wp\/v2\/pages\/10\/revisions\/164"}],"wp:attachment":[{"href":"https:\/\/ankaraasansor.com.tr\/index.php\/wp-json\/wp\/v2\/media?parent=10"}],"curies":[{"name":"wp","href":"https:\/\/api.w.org\/{rel}","templated":true}]}}