{"id":46,"date":"2018-12-29T16:26:02","date_gmt":"2018-12-29T13:26:02","guid":{"rendered":"http:\/\/ankaraasansor.com.tr\/?page_id=46"},"modified":"2022-01-19T12:59:42","modified_gmt":"2022-01-19T09:59:42","slug":"asansor","status":"publish","type":"page","link":"https:\/\/ankaraasansor.com.tr\/index.php\/asansor\/","title":{"rendered":"ASANS\u00d6R"},"content":{"rendered":"\n<ul class=\"wp-block-gallery columns-3 is-cropped\"><li class=\"blocks-gallery-item\"><figure><a href=\"https:\/\/i0.wp.com\/ankaraasansor.com.tr\/wp-content\/uploads\/2018\/12\/indir-1.jpg?ssl=1\"><img loading=\"lazy\" width=\"231\" height=\"218\" src=\"https:\/\/i0.wp.com\/ankaraasansor.com.tr\/wp-content\/uploads\/2018\/12\/indir-1.jpg?resize=231%2C218&#038;ssl=1\" alt=\"\" data-id=\"62\" data-link=\"https:\/\/ankaraasansor.com.tr\/index.php\/asansor\/indir-1\/\" class=\"wp-image-62\" data-recalc-dims=\"1\"\/><\/a><\/figure><\/li><li class=\"blocks-gallery-item\"><figure><a href=\"https:\/\/i0.wp.com\/ankaraasansor.com.tr\/wp-content\/uploads\/2018\/12\/indir-2.jpg?ssl=1\"><img loading=\"lazy\" width=\"184\" height=\"274\" src=\"https:\/\/i0.wp.com\/ankaraasansor.com.tr\/wp-content\/uploads\/2018\/12\/indir-2.jpg?resize=184%2C274&#038;ssl=1\" alt=\"\" data-id=\"63\" data-link=\"https:\/\/ankaraasansor.com.tr\/index.php\/asansor\/indir-2\/\" class=\"wp-image-63\" data-recalc-dims=\"1\"\/><\/a><\/figure><\/li><li class=\"blocks-gallery-item\"><figure><a href=\"https:\/\/i0.wp.com\/ankaraasansor.com.tr\/wp-content\/uploads\/2018\/12\/indir.jpg?ssl=1\"><img loading=\"lazy\" width=\"189\" height=\"267\" src=\"https:\/\/i0.wp.com\/ankaraasansor.com.tr\/wp-content\/uploads\/2018\/12\/indir.jpg?resize=189%2C267&#038;ssl=1\" alt=\"\" data-id=\"64\" data-link=\"https:\/\/ankaraasansor.com.tr\/index.php\/asansor\/indir\/\" class=\"wp-image-64\" data-recalc-dims=\"1\"\/><\/a><\/figure><\/li><\/ul>\n\n\n\n<p>Asans\u00f6rden ilk bahseden Romal\u0131 mimar Vitruvius\u2019tur. Vitruvius ilk asans\u00f6r\u00fc Ar\u015fimed\u2019in kurdu\u011funu s\u00f6yler (\u0130.\u00d6. 236). Sonraki d\u00f6nemlerde baz\u0131 kaynaklara g\u00f6re asans\u00f6rler kenevir halatlar \u00fczerindeki faytonlard\u0131r ve insan ya da hayvanlar taraf\u0131ndan s\u00fcr\u00fcl\u00fcrler. Bu t\u00fcr asans\u00f6rlerin M\u0131s\u0131r\u2019daki Sina manast\u0131r\u0131na kuruldu\u011fu d\u00fc\u015f\u00fcn\u00fclmektedir. 17. y\u00fczy\u0131lda asans\u00f6rlerin prototipleri \u0130ngiltere ve Fransa\u2019daki saraylarda kurulmu\u015ftur.<br> 1793 y\u0131l\u0131nda Ivan Kulibin Saint Petersburg\u2019un K\u0131\u015f Saray\u0131 i\u00e7in bir vidal\u0131 kald\u0131rma mekanizmas\u0131 tasarlam\u0131\u015ft\u0131r. 1816 y\u0131l\u0131nda Moskova\u2019n\u0131n bir k\u00f6y\u00fcnde Arkhangelskoye adl\u0131 ana binaya bir asans\u00f6r kurulmu\u015ftur. Londra\u2019da 1823\u2019te \u201cy\u00fckseltilen oda\u201d ortaya \u00e7\u0131km\u0131\u015ft\u0131r.&nbsp;<br> <br> 1800 y\u0131l\u0131n\u0131n ortas\u0131nda y\u00fck ta\u015f\u0131yan basit asans\u00f6rlerin bir\u00e7ok \u00e7e\u015fidi yap\u0131lm\u0131\u015ft\u0131r. Bunlar\u0131n \u00e7o\u011fu hidrolik olarak \u00e7al\u0131\u015fm\u0131\u015ft\u0131r. Ilk hidrolik asans\u00f6rde kalk\u0131\u015f ve ini\u015fi sa\u011flamak i\u00e7in vagonun alt\u0131nda bir dalma pistonu kullan\u0131lm\u0131\u015ft\u0131r. Pompa dikey bir silindir i\u00e7indeki bir pistona veya \u00e7elik kolona suyla bask\u0131 g\u00fcc\u00fc sa\u011flard\u0131. Bask\u0131n\u0131n artmas\u0131yla asans\u00f6r al\u00e7al\u0131rd\u0131. Asans\u00f6rde ayr\u0131ca b\u00fct\u00fcn a\u011f\u0131rl\u0131\u011f\u0131n pistona y\u00fcklenmemesi i\u00e7in denge sa\u011flay\u0131c\u0131 bir sistem kullan\u0131l\u0131rd\u0131. Piston uzun binalar i\u00e7in pratik de\u011fildi, \u00e7\u00fcnk\u00fc piston i\u00e7in binan\u0131n uzunlu\u011fundan \u00f6te derin bir \u00e7ukur gerekmekteydi. Sonradan bir\u00e7ok makaral\u0131 halat donan\u0131ml\u0131 asans\u00f6rler \u00fcretildi.<br> New York\u2019lu Henry Waterman 1850 y\u0131l\u0131nda asans\u00f6r i\u00e7in \u201csabit halat sistemini\u201d \u00fcretmesi tan\u0131n\u0131r. 1853\u2019te Elisha Otis kablonun kopmas\u0131 durumunda bo\u015flu\u011fa d\u00fc\u015fme ihtimalini ortadan kald\u0131ran g\u00fcvenlikli bir asans\u00f6r tasarlar. Bu asans\u00f6r\u00fcn tasar\u0131m\u0131 g\u00fcn\u00fcm\u00fczde de kullan\u0131lan asans\u00f6rlere benzer. Asans\u00f6r\u00fcn h\u0131zl\u0131 ini\u015flerine \u00f6nlem olarak y\u00f6nlendirici bir cihaz yarat\u0131r, bu cihaz\u0131 1854 y\u0131l\u0131nda New York\u2019ta Crystal Palace\u2019daki fuarda sergiler.&nbsp;<br> \u0130lk yolcu asans\u00f6r\u00fc 3 Mart 1857 tarihinde New York\u2019ta 488 Broadway\u2019de kuruldu. \u0130lk asans\u00f6r \u015faft\u0131 ilk asans\u00f6rden d\u00f6rt sene \u00f6nce geli\u015ftirilmi\u015ftir. Peter Cooper\u2019\u0131n 1853 y\u0131l\u0131nda yap\u0131m\u0131na ba\u015flanan New York\u2019taki Cooper Union binas\u0131n\u0131n tasar\u0131m\u0131nda bir asans\u00f6r \u015faft\u0131 bulunmaktayd\u0131 \u00e7\u00fcnk\u00fc Cooper g\u00fcvenilir bir yolcu asans\u00f6r\u00fcn\u00fcn yak\u0131nda icat edilece\u011fine inan\u0131yordu. \u015eaft silindir \u015feklindeydi \u00e7\u00fcnk\u00fc Cooper\u2019a g\u00f6re en etkili tasar\u0131md\u0131.<br> <br> \u0130lk elektrikle \u00e7al\u0131\u015fan asans\u00f6r 1878 y\u0131l\u0131nda Werner von Siemens taraf\u0131ndan \u00fcretildi. Elektronik asans\u00f6rlerin g\u00fcvenilirli\u011fi ve h\u0131z\u0131 ise Frank Sprague taraf\u0131ndan geli\u015ftirildi. Asans\u00f6rlerin geli\u015fimi k\u00f6m\u00fcr ve tomruk gibi hammaddelerin da\u011f eteklerinden ta\u015f\u0131nma ihtiyac\u0131 ile ba\u015flad\u0131. Bu sanayiler sayesinde geli\u015ftirilmi\u015f olan teknoloji ve \u00e7elik yap\u0131lar\u0131n ortaya \u00e7\u0131kmas\u0131, yolcu ve y\u00fck ta\u015f\u0131mac\u0131l\u0131\u011f\u0131n\u0131 g\u00fcn\u00fcm\u00fcze ta\u015f\u0131d\u0131.<br> 1874\u2019te J.W. Meaker asans\u00f6r kap\u0131lar\u0131n\u0131n g\u00fcvenilir bir \u015fekilde a\u00e7\u0131l\u0131p kapand\u0131\u011f\u0131 bir y\u00f6ntem buldu. U.S. Patent 147,853. 1929\u2019da Clarence Conrad Crispen ilk konut asans\u00f6r\u00fcn\u00fc \u00fcretti.&nbsp;<\/p>\n","protected":false},"excerpt":{"rendered":"<p>Asans\u00f6rden ilk bahseden Romal\u0131 mimar Vitruvius\u2019tur. Vitruvius ilk asans\u00f6r\u00fc Ar\u015fimed\u2019in kurdu\u011funu s\u00f6yler (\u0130.\u00d6. 236). Sonraki d\u00f6nemlerde baz\u0131 kaynaklara g\u00f6re asans\u00f6rler kenevir halatlar \u00fczerindeki faytonlard\u0131r ve insan ya da hayvanlar taraf\u0131ndan s\u00fcr\u00fcl\u00fcrler. Bu t\u00fcr asans\u00f6rlerin M\u0131s\u0131r\u2019daki Sina manast\u0131r\u0131na kuruldu\u011fu d\u00fc\u015f\u00fcn\u00fclmektedir. 17. y\u00fczy\u0131lda asans\u00f6rlerin prototipleri \u0130ngiltere ve Fransa\u2019daki saraylarda kurulmu\u015ftur. 1793 y\u0131l\u0131nda Ivan Kulibin Saint Petersburg\u2019un K\u0131\u015f &hellip; <\/p>\n<p class=\"link-more\"><a href=\"https:\/\/ankaraasansor.com.tr\/index.php\/asansor\/\" class=\"more-link\">Okumaya devam et<span class=\"screen-reader-text\"> &#8220;ASANS\u00d6R&#8221;<\/span><\/a><\/p>\n","protected":false},"author":1,"featured_media":0,"parent":0,"menu_order":0,"comment_status":"closed","ping_status":"closed","template":"","meta":{"spay_email":""},"yoast_head":"<!-- This site is optimized with the Yoast SEO plugin v17.9 - https:\/\/yoast.com\/wordpress\/plugins\/seo\/ -->\n<title>ASANS\u00d6R - ANKARA ASANS\u00d6R<\/title>\n<meta name=\"robots\" content=\"index, follow, max-snippet:-1, max-image-preview:large, max-video-preview:-1\" \/>\n<link rel=\"canonical\" href=\"https:\/\/ankaraasansor.com.tr\/index.php\/asansor\/\" \/>\n<meta property=\"og:locale\" content=\"tr_TR\" \/>\n<meta property=\"og:type\" content=\"article\" \/>\n<meta property=\"og:title\" content=\"ASANS\u00d6R - ANKARA ASANS\u00d6R\" \/>\n<meta property=\"og:description\" content=\"Asans\u00f6rden ilk bahseden Romal\u0131 mimar Vitruvius\u2019tur. Vitruvius ilk asans\u00f6r\u00fc Ar\u015fimed\u2019in kurdu\u011funu s\u00f6yler (\u0130.\u00d6. 236). Sonraki d\u00f6nemlerde baz\u0131 kaynaklara g\u00f6re asans\u00f6rler kenevir halatlar \u00fczerindeki faytonlard\u0131r ve insan ya da hayvanlar taraf\u0131ndan s\u00fcr\u00fcl\u00fcrler. Bu t\u00fcr asans\u00f6rlerin M\u0131s\u0131r\u2019daki Sina manast\u0131r\u0131na kuruldu\u011fu d\u00fc\u015f\u00fcn\u00fclmektedir. 17. y\u00fczy\u0131lda asans\u00f6rlerin prototipleri \u0130ngiltere ve Fransa\u2019daki saraylarda kurulmu\u015ftur. 1793 y\u0131l\u0131nda Ivan Kulibin Saint Petersburg\u2019un K\u0131\u015f &hellip; Okumaya devam et &quot;ASANS\u00d6R&quot;\" \/>\n<meta property=\"og:url\" content=\"https:\/\/ankaraasansor.com.tr\/index.php\/asansor\/\" \/>\n<meta property=\"og:site_name\" content=\"ANKARA ASANS\u00d6R\" \/>\n<meta property=\"article:modified_time\" content=\"2022-01-19T09:59:42+00:00\" \/>\n<meta property=\"og:image\" content=\"http:\/\/ankaraasansor.com.tr\/wp-content\/uploads\/2018\/12\/indir-1.jpg\" \/>\n<meta name=\"twitter:card\" content=\"summary_large_image\" \/>\n<meta name=\"twitter:label1\" content=\"Tahmini okuma s\u00fcresi\" \/>\n\t<meta name=\"twitter:data1\" content=\"3 dakika\" \/>\n<script type=\"application\/ld+json\" class=\"yoast-schema-graph\">{\"@context\":\"https:\/\/schema.org\",\"@graph\":[{\"@type\":\"WebSite\",\"@id\":\"https:\/\/ankaraasansor.com.tr\/#website\",\"url\":\"https:\/\/ankaraasansor.com.tr\/\",\"name\":\"ANKARA ASANS\\u00d6R\",\"description\":\"SAN. ve T\\u0130C. LTD. \\u015eT\\u0130.\",\"potentialAction\":[{\"@type\":\"SearchAction\",\"target\":{\"@type\":\"EntryPoint\",\"urlTemplate\":\"https:\/\/ankaraasansor.com.tr\/?s={search_term_string}\"},\"query-input\":\"required name=search_term_string\"}],\"inLanguage\":\"tr\"},{\"@type\":\"ImageObject\",\"@id\":\"https:\/\/ankaraasansor.com.tr\/index.php\/asansor\/#primaryimage\",\"inLanguage\":\"tr\",\"url\":\"http:\/\/ankaraasansor.com.tr\/wp-content\/uploads\/2018\/12\/indir-1.jpg\",\"contentUrl\":\"http:\/\/ankaraasansor.com.tr\/wp-content\/uploads\/2018\/12\/indir-1.jpg\"},{\"@type\":\"WebPage\",\"@id\":\"https:\/\/ankaraasansor.com.tr\/index.php\/asansor\/#webpage\",\"url\":\"https:\/\/ankaraasansor.com.tr\/index.php\/asansor\/\",\"name\":\"ASANS\\u00d6R - ANKARA ASANS\\u00d6R\",\"isPartOf\":{\"@id\":\"https:\/\/ankaraasansor.com.tr\/#website\"},\"primaryImageOfPage\":{\"@id\":\"https:\/\/ankaraasansor.com.tr\/index.php\/asansor\/#primaryimage\"},\"datePublished\":\"2018-12-29T13:26:02+00:00\",\"dateModified\":\"2022-01-19T09:59:42+00:00\",\"breadcrumb\":{\"@id\":\"https:\/\/ankaraasansor.com.tr\/index.php\/asansor\/#breadcrumb\"},\"inLanguage\":\"tr\",\"potentialAction\":[{\"@type\":\"ReadAction\",\"target\":[\"https:\/\/ankaraasansor.com.tr\/index.php\/asansor\/\"]}]},{\"@type\":\"BreadcrumbList\",\"@id\":\"https:\/\/ankaraasansor.com.tr\/index.php\/asansor\/#breadcrumb\",\"itemListElement\":[{\"@type\":\"ListItem\",\"position\":1,\"name\":\"Anasayfa\",\"item\":\"https:\/\/ankaraasansor.com.tr\/\"},{\"@type\":\"ListItem\",\"position\":2,\"name\":\"ASANS\\u00d6R\"}]}]}<\/script>\n<!-- \/ Yoast SEO plugin. -->","yoast_head_json":{"title":"ASANS\u00d6R - ANKARA ASANS\u00d6R","robots":{"index":"index","follow":"follow","max-snippet":"max-snippet:-1","max-image-preview":"max-image-preview:large","max-video-preview":"max-video-preview:-1"},"canonical":"https:\/\/ankaraasansor.com.tr\/index.php\/asansor\/","og_locale":"tr_TR","og_type":"article","og_title":"ASANS\u00d6R - ANKARA ASANS\u00d6R","og_description":"Asans\u00f6rden ilk bahseden Romal\u0131 mimar Vitruvius\u2019tur. Vitruvius ilk asans\u00f6r\u00fc Ar\u015fimed\u2019in kurdu\u011funu s\u00f6yler (\u0130.\u00d6. 236). Sonraki d\u00f6nemlerde baz\u0131 kaynaklara g\u00f6re asans\u00f6rler kenevir halatlar \u00fczerindeki faytonlard\u0131r ve insan ya da hayvanlar taraf\u0131ndan s\u00fcr\u00fcl\u00fcrler. Bu t\u00fcr asans\u00f6rlerin M\u0131s\u0131r\u2019daki Sina manast\u0131r\u0131na kuruldu\u011fu d\u00fc\u015f\u00fcn\u00fclmektedir. 17. y\u00fczy\u0131lda asans\u00f6rlerin prototipleri \u0130ngiltere ve Fransa\u2019daki saraylarda kurulmu\u015ftur. 1793 y\u0131l\u0131nda Ivan Kulibin Saint Petersburg\u2019un K\u0131\u015f &hellip; Okumaya devam et \"ASANS\u00d6R\"","og_url":"https:\/\/ankaraasansor.com.tr\/index.php\/asansor\/","og_site_name":"ANKARA ASANS\u00d6R","article_modified_time":"2022-01-19T09:59:42+00:00","og_image":[{"url":"http:\/\/ankaraasansor.com.tr\/wp-content\/uploads\/2018\/12\/indir-1.jpg"}],"twitter_card":"summary_large_image","twitter_misc":{"Tahmini okuma s\u00fcresi":"3 dakika"},"schema":{"@context":"https:\/\/schema.org","@graph":[{"@type":"WebSite","@id":"https:\/\/ankaraasansor.com.tr\/#website","url":"https:\/\/ankaraasansor.com.tr\/","name":"ANKARA ASANS\u00d6R","description":"SAN. ve T\u0130C. LTD. \u015eT\u0130.","potentialAction":[{"@type":"SearchAction","target":{"@type":"EntryPoint","urlTemplate":"https:\/\/ankaraasansor.com.tr\/?s={search_term_string}"},"query-input":"required name=search_term_string"}],"inLanguage":"tr"},{"@type":"ImageObject","@id":"https:\/\/ankaraasansor.com.tr\/index.php\/asansor\/#primaryimage","inLanguage":"tr","url":"http:\/\/ankaraasansor.com.tr\/wp-content\/uploads\/2018\/12\/indir-1.jpg","contentUrl":"http:\/\/ankaraasansor.com.tr\/wp-content\/uploads\/2018\/12\/indir-1.jpg"},{"@type":"WebPage","@id":"https:\/\/ankaraasansor.com.tr\/index.php\/asansor\/#webpage","url":"https:\/\/ankaraasansor.com.tr\/index.php\/asansor\/","name":"ASANS\u00d6R - ANKARA ASANS\u00d6R","isPartOf":{"@id":"https:\/\/ankaraasansor.com.tr\/#website"},"primaryImageOfPage":{"@id":"https:\/\/ankaraasansor.com.tr\/index.php\/asansor\/#primaryimage"},"datePublished":"2018-12-29T13:26:02+00:00","dateModified":"2022-01-19T09:59:42+00:00","breadcrumb":{"@id":"https:\/\/ankaraasansor.com.tr\/index.php\/asansor\/#breadcrumb"},"inLanguage":"tr","potentialAction":[{"@type":"ReadAction","target":["https:\/\/ankaraasansor.com.tr\/index.php\/asansor\/"]}]},{"@type":"BreadcrumbList","@id":"https:\/\/ankaraasansor.com.tr\/index.php\/asansor\/#breadcrumb","itemListElement":[{"@type":"ListItem","position":1,"name":"Anasayfa","item":"https:\/\/ankaraasansor.com.tr\/"},{"@type":"ListItem","position":2,"name":"ASANS\u00d6R"}]}]}},"jetpack-related-posts":[{"id":55,"url":"https:\/\/ankaraasansor.com.tr\/index.php\/asansor-kullanimi\/","url_meta":{"origin":46,"position":0},"title":"ASANS\u00d6R KULLANIMI","date":"29\/12\/2018","format":false,"excerpt":"Asans\u00f6r kullan\u0131rken a\u015fa\u011f\u0131daki kurallara l\u00fctfen uyunuz. Asans\u00f6r\u00fc kullanacak ki\u015filer, \u00f6ncelikle gitmek istedi\u011fi kata ait a\u015fa\u011f\u0131 ya da yukar\u0131 \u00e7a\u011f\u0131rma butonuna bas\u0131n\u0131z.\u00a0E\u011fer asans\u00f6r kap\u0131lar\u0131 manuel a\u00e7\u0131l\u0131p kapan\u0131yorsa, kap\u0131 arkas\u0131na yak\u0131n durmay\u0131n\u0131z.\u00a0Asans\u00f6r kap\u0131lar\u0131 otomatik ise, tamamen a\u00e7\u0131lmas\u0131n\u0131 bekleyiniz. Kapanmaya \u00e7al\u0131\u015fan otomatik kap\u0131lar\u0131 a\u00e7mak i\u00e7in u\u011fra\u015fmay\u0131n\u0131z. Asans\u00f6r\u00fcn tekrar bulundu\u011funuz kata gelmesini bekleyiniz.\u00a0Asans\u00f6r kabini\u2026","rel":"","context":"Benzer yaz\u0131","img":{"alt_text":"","src":"https:\/\/i0.wp.com\/ankaraasansor.com.tr\/wp-content\/uploads\/2018\/12\/asansor-uyari-levhalari.jpg?resize=350%2C200&ssl=1","width":350,"height":200},"classes":[]},{"id":47,"url":"https:\/\/ankaraasansor.com.tr\/index.php\/asansorde-kalirsak\/","url_meta":{"origin":46,"position":1},"title":"ASANS\u00d6RDE KALIRSANIZ","date":"29\/12\/2018","format":false,"excerpt":"Asans\u00f6rde kalman\u0131z durumunda kendi \u00e7aban\u0131zla \u00e7\u0131kmaya \u00e7al\u0131\u015fmamal\u0131s\u0131n\u0131z.Asans\u00f6rde kald\u0131\u011f\u0131n\u0131zda kesinlikle panik yapmaman\u0131z gerekir. Aksi durumda enerjinizi ve ortamdaki oksijeni h\u0131zla t\u00fcketirsiniz. Bundan dolay\u0131 \u00f6ncelikle sakin olmal\u0131 ve asans\u00f6rde bulunan alarm, \u00e7a\u011fr\u0131 butonu ile yard\u0131m istemeyi denemelisiniz.Cep telefonunuz \u00e7ekiyor ise yak\u0131nlar\u0131n\u0131z\u0131 haberdar ederek asans\u00f6r servisinin size ula\u015fmas\u0131n\u0131 sa\u011flayabilirsiniz.","rel":"","context":"Benzer yaz\u0131","img":{"alt_text":"","src":"","width":0,"height":0},"classes":[]},{"id":85,"url":"https:\/\/ankaraasansor.com.tr\/index.php\/bakim-ve-servis\/","url_meta":{"origin":46,"position":2},"title":"BAKIM VE SERV\u0130S","date":"29\/12\/2018","format":false,"excerpt":"M\u00fc\u015fterimizin sipari\u015fi ile birlikte y\u0131llarca s\u00fcrecek bir mesai ba\u015flam\u0131\u015f olur. Kaliteli bir \u00fcr\u00fcn\u00fc size sunmak asla yeterli de\u011fildir. Asans\u00f6r\u00fcn hizmette bulundu\u011fu s\u00fcrece bak\u0131m ve onar\u0131m i\u00e7in teknik servis hizmetlerimiz, s\u00fcrekli hizmete haz\u0131rd\u0131r. Bak\u0131m sorumlulu\u011fumuz alt\u0131nda bulunan t\u00fcm asans\u00f6rler her ay planl\u0131 bir bak\u0131m hizmeti ile g\u00fcvenle kullanabilmeniz i\u00e7in kontrol alt\u0131ndad\u0131r.\u2026","rel":"","context":"Benzer yaz\u0131","img":{"alt_text":"","src":"https:\/\/i0.wp.com\/ankaraasansor.com.tr\/wp-content\/uploads\/2018\/12\/image.png?resize=350%2C200&ssl=1","width":350,"height":200},"classes":[]},{"id":10,"url":"https:\/\/ankaraasansor.com.tr\/","url_meta":{"origin":46,"position":3},"title":"ANA SAYFA","date":"26\/12\/2018","format":false,"excerpt":"\u015e\u0130RKET\u0130M\u0130Z\u0130N BATMAN HASAN KEYF K\u00dcLT\u00dcR MERKEZ\u0130 \u0130\u00c7\u0130N YAPTI\u011eI YAMA\u00c7 ASANS\u00d6R\u00dc","rel":"","context":"Benzer yaz\u0131","img":{"alt_text":"","src":"https:\/\/i0.wp.com\/ankaraasansor.com.tr\/wp-content\/uploads\/2018\/12\/WhatsApp-Image-2018-01-26-at-15.13.531.jpeg?resize=350%2C200&ssl=1","width":350,"height":200},"classes":[]}],"_links":{"self":[{"href":"https:\/\/ankaraasansor.com.tr\/index.php\/wp-json\/wp\/v2\/pages\/46"}],"collection":[{"href":"https:\/\/ankaraasansor.com.tr\/index.php\/wp-json\/wp\/v2\/pages"}],"about":[{"href":"https:\/\/ankaraasansor.com.tr\/index.php\/wp-json\/wp\/v2\/types\/page"}],"author":[{"embeddable":true,"href":"https:\/\/ankaraasansor.com.tr\/index.php\/wp-json\/wp\/v2\/users\/1"}],"replies":[{"embeddable":true,"href":"https:\/\/ankaraasansor.com.tr\/index.php\/wp-json\/wp\/v2\/comments?post=46"}],"version-history":[{"count":4,"href":"https:\/\/ankaraasansor.com.tr\/index.php\/wp-json\/wp\/v2\/pages\/46\/revisions"}],"predecessor-version":[{"id":112,"href":"https:\/\/ankaraasansor.com.tr\/index.php\/wp-json\/wp\/v2\/pages\/46\/revisions\/112"}],"wp:attachment":[{"href":"https:\/\/ankaraasansor.com.tr\/index.php\/wp-json\/wp\/v2\/media?parent=46"}],"curies":[{"name":"wp","href":"https:\/\/api.w.org\/{rel}","templated":true}]}}